
{"id":9,"date":"2013-10-24T09:35:45","date_gmt":"2013-10-24T07:35:45","guid":{"rendered":"http:\/\/wp--framework-tld:8888\/?page_id=9"},"modified":"2016-05-10T17:35:53","modified_gmt":"2016-05-10T15:35:53","slug":"contatti","status":"publish","type":"page","link":"https:\/\/www.lilianacondemi.it\/?page_id=9","title":{"rendered":"Contatti"},"content":{"rendered":"<ul>\n<li>via Milite Ignoto I\u00aa trav. &#8211;\u00a089036 Brancalone (RC)<\/li>\n<li>email: <a href=\"mailto:l.condemi@libero.it\">l.condemi@libero.it<\/a><\/li>\n<li>mobile: +39 340 9332288<\/li>\n<\/ul>\n<p>&nbsp;<\/p>\n<h3><strong>Corsi di disegno<\/strong><\/h3>\n<p>Contatta l&#8217;Artista per programmare Corsi di disegno con soggiorno a due passi dal mare.<\/p>\n<h3>Commissiona un ritratto<\/h3>\n<p>Se desideri un ritratto, tecnica olio su tela, puoi commissionarlo tramite <strong>e-mail<\/strong>:<\/p>\n<ul>\n<li>Indica il tuo indirizzo di contatto<\/li>\n<li>Allega immagini del soggetto<\/li>\n<li>Indica il numero di fotografie<\/li>\n<li>Indica la dimensione (cm x cm)<\/li>\n<li>Eventuali altre annotazioni<\/li>\n<\/ul>\n<p style=\"text-align: justify;\">Le immagini allegate possono essere di qualsiasi formato, importante per una buona riuscita sono la qualit\u00e0 delle stesse e la posizione del volto in primo piano. Ulteriori accordi verranno presi in base al tipo di richiesta e ai tempi d&#8217;attesa in essere al momento della vostra commissione. Ad accordo raggiunto sar\u00e0 possibile visionare il lavoro che sar\u00e0 inviato tramite e-mail al committente. La spedizione dell&#8217;opera avverr\u00e0, tramite corriere, priva di cornice perch\u00e8 come consuetudine deve essere abbinata all&#8217;arredo del luogo a cui \u00e8 destinata.<br \/>\nQuanto sopra vale anche per le Stampe su Tela e le Litografie delle Opere a catalogo, autenticate dall&#8217;Artista e inviate tramite corriere in appositi porta oggetti.<\/p>\n<h3>Informazioni varie<\/h3>\n<p>E&#8217; in corso la <i>Catalogazione digitale delle Opere<\/i>, per chi ne possedesse di ancora non catalogate.<\/p>\n","protected":false},"excerpt":{"rendered":"<p>via Milite Ignoto I\u00aa trav. &#8211;\u00a089036 Brancalone (RC) email: l.condemi@libero.it mobile: +39 340 9332288 &nbsp; Corsi di disegno Contatta l&#8217;Artista per programmare Corsi di disegno con soggiorno a due passi dal mare. Commissiona un ritratto Se desideri un ritratto, tecnica olio su tela, puoi commissionarlo tramite e-mail: Indica il tuo indirizzo di contatto Allega immagini [&hellip;]<\/p>\n","protected":false},"author":1,"featured_media":0,"parent":0,"menu_order":0,"comment_status":"open","ping_status":"closed","template":"","meta":{"_monsterinsights_skip_tracking":false,"_monsterinsights_sitenote_active":false,"_monsterinsights_sitenote_note":"","_monsterinsights_sitenote_category":0,"_genesis_hide_title":false,"_genesis_hide_breadcrumbs":false,"_genesis_hide_singular_image":false,"_genesis_hide_footer_widgets":false,"_genesis_custom_body_class":"","_genesis_custom_post_class":"","_genesis_layout":"","footnotes":""},"class_list":{"0":"post-9","1":"page","2":"type-page","3":"status-publish","5":"entry"},"yoast_head":"<!-- This site is optimized with the Yoast SEO plugin v26.6 - https:\/\/yoast.com\/wordpress\/plugins\/seo\/ -->\r\n<title>Contatti - Liliana Condemi<\/title>\r\n<meta name=\"robots\" content=\"index, follow, max-snippet:-1, max-image-preview:large, max-video-preview:-1\" \/>\r\n<link rel=\"canonical\" href=\"https:\/\/www.lilianacondemi.it\/?page_id=9\" \/>\r\n<meta property=\"og:locale\" content=\"it_IT\" \/>\r\n<meta property=\"og:type\" content=\"article\" \/>\r\n<meta property=\"og:title\" content=\"Contatti - Liliana Condemi\" \/>\r\n<meta property=\"og:description\" content=\"via Milite Ignoto I\u00aa trav. &#8211;\u00a089036 Brancalone (RC) email: l.condemi@libero.it mobile: +39 340 9332288 &nbsp; Corsi di disegno Contatta l&#8217;Artista per programmare Corsi di disegno con soggiorno a due passi dal mare. Commissiona un ritratto Se desideri un ritratto, tecnica olio su tela, puoi commissionarlo tramite e-mail: Indica il tuo indirizzo di contatto Allega immagini [&hellip;]\" \/>\r\n<meta property=\"og:url\" content=\"https:\/\/www.lilianacondemi.it\/?page_id=9\" \/>\r\n<meta property=\"og:site_name\" content=\"Liliana Condemi\" \/>\r\n<meta property=\"article:modified_time\" content=\"2016-05-10T15:35:53+00:00\" \/>\r\n<meta name=\"twitter:label1\" content=\"Tempo di lettura stimato\" \/>\n\t<meta name=\"twitter:data1\" content=\"1 minuto\" \/>\r\n<script type=\"application\/ld+json\" class=\"yoast-schema-graph\">{\"@context\":\"https:\/\/schema.org\",\"@graph\":[{\"@type\":\"WebPage\",\"@id\":\"https:\/\/www.lilianacondemi.it\/?page_id=9\",\"url\":\"https:\/\/www.lilianacondemi.it\/?page_id=9\",\"name\":\"Contatti - Liliana Condemi\",\"isPartOf\":{\"@id\":\"https:\/\/www.lilianacondemi.it\/#website\"},\"datePublished\":\"2013-10-24T07:35:45+00:00\",\"dateModified\":\"2016-05-10T15:35:53+00:00\",\"inLanguage\":\"it-IT\",\"potentialAction\":[{\"@type\":\"ReadAction\",\"target\":[\"https:\/\/www.lilianacondemi.it\/?page_id=9\"]}]},{\"@type\":\"WebSite\",\"@id\":\"https:\/\/www.lilianacondemi.it\/#website\",\"url\":\"https:\/\/www.lilianacondemi.it\/\",\"name\":\"Liliana Condemi\",\"description\":\"Sito Ufficiale dell&#039;artista Liliana Condemi\",\"potentialAction\":[{\"@type\":\"SearchAction\",\"target\":{\"@type\":\"EntryPoint\",\"urlTemplate\":\"https:\/\/www.lilianacondemi.it\/?s={search_term_string}\"},\"query-input\":{\"@type\":\"PropertyValueSpecification\",\"valueRequired\":true,\"valueName\":\"search_term_string\"}}],\"inLanguage\":\"it-IT\"}]}<\/script>\r\n<!-- \/ Yoast SEO plugin. -->","yoast_head_json":{"title":"Contatti - Liliana Condemi","robots":{"index":"index","follow":"follow","max-snippet":"max-snippet:-1","max-image-preview":"max-image-preview:large","max-video-preview":"max-video-preview:-1"},"canonical":"https:\/\/www.lilianacondemi.it\/?page_id=9","og_locale":"it_IT","og_type":"article","og_title":"Contatti - Liliana Condemi","og_description":"via Milite Ignoto I\u00aa trav. &#8211;\u00a089036 Brancalone (RC) email: l.condemi@libero.it mobile: +39 340 9332288 &nbsp; Corsi di disegno Contatta l&#8217;Artista per programmare Corsi di disegno con soggiorno a due passi dal mare. Commissiona un ritratto Se desideri un ritratto, tecnica olio su tela, puoi commissionarlo tramite e-mail: Indica il tuo indirizzo di contatto Allega immagini [&hellip;]","og_url":"https:\/\/www.lilianacondemi.it\/?page_id=9","og_site_name":"Liliana Condemi","article_modified_time":"2016-05-10T15:35:53+00:00","twitter_misc":{"Tempo di lettura stimato":"1 minuto"},"schema":{"@context":"https:\/\/schema.org","@graph":[{"@type":"WebPage","@id":"https:\/\/www.lilianacondemi.it\/?page_id=9","url":"https:\/\/www.lilianacondemi.it\/?page_id=9","name":"Contatti - Liliana Condemi","isPartOf":{"@id":"https:\/\/www.lilianacondemi.it\/#website"},"datePublished":"2013-10-24T07:35:45+00:00","dateModified":"2016-05-10T15:35:53+00:00","inLanguage":"it-IT","potentialAction":[{"@type":"ReadAction","target":["https:\/\/www.lilianacondemi.it\/?page_id=9"]}]},{"@type":"WebSite","@id":"https:\/\/www.lilianacondemi.it\/#website","url":"https:\/\/www.lilianacondemi.it\/","name":"Liliana Condemi","description":"Sito Ufficiale dell&#039;artista Liliana Condemi","potentialAction":[{"@type":"SearchAction","target":{"@type":"EntryPoint","urlTemplate":"https:\/\/www.lilianacondemi.it\/?s={search_term_string}"},"query-input":{"@type":"PropertyValueSpecification","valueRequired":true,"valueName":"search_term_string"}}],"inLanguage":"it-IT"}]}},"_links":{"self":[{"href":"https:\/\/www.lilianacondemi.it\/index.php?rest_route=\/wp\/v2\/pages\/9","targetHints":{"allow":["GET"]}}],"collection":[{"href":"https:\/\/www.lilianacondemi.it\/index.php?rest_route=\/wp\/v2\/pages"}],"about":[{"href":"https:\/\/www.lilianacondemi.it\/index.php?rest_route=\/wp\/v2\/types\/page"}],"author":[{"embeddable":true,"href":"https:\/\/www.lilianacondemi.it\/index.php?rest_route=\/wp\/v2\/users\/1"}],"replies":[{"embeddable":true,"href":"https:\/\/www.lilianacondemi.it\/index.php?rest_route=%2Fwp%2Fv2%2Fcomments&post=9"}],"version-history":[{"count":24,"href":"https:\/\/www.lilianacondemi.it\/index.php?rest_route=\/wp\/v2\/pages\/9\/revisions"}],"predecessor-version":[{"id":477,"href":"https:\/\/www.lilianacondemi.it\/index.php?rest_route=\/wp\/v2\/pages\/9\/revisions\/477"}],"wp:attachment":[{"href":"https:\/\/www.lilianacondemi.it\/index.php?rest_route=%2Fwp%2Fv2%2Fmedia&parent=9"}],"curies":[{"name":"wp","href":"https:\/\/api.w.org\/{rel}","templated":true}]}}