
{"id":43,"date":"2016-02-18T15:00:41","date_gmt":"2016-02-18T14:00:41","guid":{"rendered":"http:\/\/wp-lilianacondemi-it:8888\/?page_id=43"},"modified":"2022-05-13T18:08:18","modified_gmt":"2022-05-13T16:08:18","slug":"bio","status":"publish","type":"page","link":"https:\/\/www.lilianacondemi.it\/?page_id=43","title":{"rendered":"Bio"},"content":{"rendered":"<p><img loading=\"lazy\" decoding=\"async\" class=\"size-full wp-image-434 aligncenter\" src=\"http:\/\/www.lilianacondemi.it\/rcsgrt\/wp-content\/uploads\/2016\/05\/liliana-condemi-bip.jpg\" alt=\"liliana-condemi-bip\" width=\"1140\" height=\"721\" \/><\/p>\n<p style=\"text-align: justify;\">Liliana Condemi nasce a Condofuri (RC). Frequenta l\u2019Istituto Statale d\u2019Arte di Reggio Calabria e si diploma in Pittura all\u2019Accademia di Belle Arti della stessa citt\u00e0. Dopo gli studi accademici inizia una produzione pittorica di impronta naturalistica ispirata dagli incantati paesaggi della propria terra. Nello stesso tempo conduce una ricerca sul piano stilistico e tecnico che la porter\u00e0 a rielaborare e trasfigurare la realt\u00e0 secondo la propria percezione e sensibilit\u00e0, sino ad approdare ad una visione svincolata dai limiti visibili &#8211; razionali, dove ogni forma diventa possibile e ogni oggetto segue solo il dettato dell&#8217;immaginazione. La libert\u00e0 e la fantasia diventano la chiave di lettura del suo mondo che nei Cartigli, cos\u00ec chiamati da Maria Antonietta Mamone, (&#8220;I Cartigli di Liliana Condemi&#8221; da un articolo pubblicato sul Corriere di Reggio nel 1993) trova il suo decisivo e compiuto veicolo di animazione pittorica. Dagli anni ottanta svolge attivit\u00e0 artistica allestendo mostre personali e partecipando a fiere d\u2019arte e collettive in Italia e all\u2019estero ottenendo premi e segnalazioni di merito, tra cui la medaglia del Presidente della Repubblica e la targa del Senato della Repubblica. Il lavoro \u00e8 documentato da giornali, tv, cataloghi e riviste del settore. L\u2019artista \u00e8 stata nominata accademica dalle Accademie Internazionali \u201cGreci-Marino\u201d e \u201cIl Convivio\u201d. Le sue opere sono presenti in collezioni pubbliche e private. Il suo percorso di continua ricerca di ulteriori possibilit\u00e0 del linguaggio e di rinnovamento del proprio mondo espressivo non si \u00e8 mai interrotto. Liliana Condemi \u00e8 docente di Discipline Pittoriche. Vive ed opera a Brancaleone (RC) con studio in via Milite Ignoto.<\/p>\n<p><a href=\"http:\/\/www.lilianacondemi.it\/rcsgrt\/wp-content\/uploads\/2016\/12\/cv-liliana-condemi.pdf\">Scarica il Curriculum Vitae<\/a><\/p>\n<p style=\"text-align: justify;\"><i>Liliana Condemi was born in Condofuri, Reggio Calabria (Southern Italy). She attended the Art Institute of Reggio Calabria and received a diploma in painting from the Art School of the same city. Since her infancy, she demonstrates a big passion for the drawing. After the academic studies, she starts a painting production based on a naturalistic print inspired by the enchanting landscapes of her land. At the same time, the artist makes a search about the stylistic and technical plan that will conduct her, in the 80s, to elaborate and to transfigure the reality according her perception and sensitivity, reaching a free vision by the visible-rational limits where the freedom and the fantasy become the key to an understanding of the works. And so are born \u201cI Cartigli by Liliana Condemi \u201c (Article published on Corriere of Reggio in 1993 care by art historian M.A. Mamone). In the long painting career has prepared numerous personal exhibitions and participated in many collective exhibitions in Italy and other countries, winning awards and nominations including merit medal from the President of Italian Republic and medal of the Italian Senate. However her painting is a career in continuous development. Liliana Condemi is teacher in Pictorial Disciplines. She lives and works in Brancaleone (Reggio Calabria, Italy).<\/i><\/p>\n<p><i><a href=\"\/rcsgrt\/wp-content\/uploads\/2016\/02\/cv-liliana-condemi.pdf\">Download Resume<\/a><\/i><\/p>\n","protected":false},"excerpt":{"rendered":"<p>Liliana Condemi nasce a Condofuri (RC). Frequenta l\u2019Istituto Statale d\u2019Arte di Reggio Calabria e si diploma in Pittura all\u2019Accademia di Belle Arti della stessa citt\u00e0. Dopo gli studi accademici inizia una produzione pittorica di impronta naturalistica ispirata dagli incantati paesaggi della propria terra. Nello stesso tempo conduce una ricerca sul piano stilistico e tecnico che [&hellip;]<\/p>\n","protected":false},"author":1,"featured_media":0,"parent":0,"menu_order":0,"comment_status":"closed","ping_status":"closed","template":"","meta":{"_monsterinsights_skip_tracking":false,"_monsterinsights_sitenote_active":false,"_monsterinsights_sitenote_note":"","_monsterinsights_sitenote_category":0,"_genesis_hide_title":false,"_genesis_hide_breadcrumbs":false,"_genesis_hide_singular_image":false,"_genesis_hide_footer_widgets":false,"_genesis_custom_body_class":"","_genesis_custom_post_class":"","_genesis_layout":"","footnotes":""},"class_list":{"0":"post-43","1":"page","2":"type-page","3":"status-publish","5":"entry"},"yoast_head":"<!-- This site is optimized with the Yoast SEO plugin v26.6 - https:\/\/yoast.com\/wordpress\/plugins\/seo\/ -->\r\n<title>Bio - Liliana Condemi<\/title>\r\n<meta name=\"robots\" content=\"index, follow, max-snippet:-1, max-image-preview:large, max-video-preview:-1\" \/>\r\n<link rel=\"canonical\" href=\"https:\/\/www.lilianacondemi.it\/?page_id=43\" \/>\r\n<meta property=\"og:locale\" content=\"it_IT\" \/>\r\n<meta property=\"og:type\" content=\"article\" \/>\r\n<meta property=\"og:title\" content=\"Bio - Liliana Condemi\" \/>\r\n<meta property=\"og:description\" content=\"Liliana Condemi nasce a Condofuri (RC). Frequenta l\u2019Istituto Statale d\u2019Arte di Reggio Calabria e si diploma in Pittura all\u2019Accademia di Belle Arti della stessa citt\u00e0. Dopo gli studi accademici inizia una produzione pittorica di impronta naturalistica ispirata dagli incantati paesaggi della propria terra. Nello stesso tempo conduce una ricerca sul piano stilistico e tecnico che [&hellip;]\" \/>\r\n<meta property=\"og:url\" content=\"https:\/\/www.lilianacondemi.it\/?page_id=43\" \/>\r\n<meta property=\"og:site_name\" content=\"Liliana Condemi\" \/>\r\n<meta property=\"article:modified_time\" content=\"2022-05-13T16:08:18+00:00\" \/>\r\n<meta property=\"og:image\" content=\"http:\/\/www.lilianacondemi.it\/rcsgrt\/wp-content\/uploads\/2016\/05\/liliana-condemi-bip.jpg\" \/>\r\n<meta name=\"twitter:label1\" content=\"Tempo di lettura stimato\" \/>\n\t<meta name=\"twitter:data1\" content=\"2 minuti\" \/>\r\n<script type=\"application\/ld+json\" class=\"yoast-schema-graph\">{\"@context\":\"https:\/\/schema.org\",\"@graph\":[{\"@type\":\"WebPage\",\"@id\":\"https:\/\/www.lilianacondemi.it\/?page_id=43\",\"url\":\"https:\/\/www.lilianacondemi.it\/?page_id=43\",\"name\":\"Bio - Liliana Condemi\",\"isPartOf\":{\"@id\":\"https:\/\/www.lilianacondemi.it\/#website\"},\"primaryImageOfPage\":{\"@id\":\"https:\/\/www.lilianacondemi.it\/?page_id=43#primaryimage\"},\"image\":{\"@id\":\"https:\/\/www.lilianacondemi.it\/?page_id=43#primaryimage\"},\"thumbnailUrl\":\"http:\/\/www.lilianacondemi.it\/rcsgrt\/wp-content\/uploads\/2016\/05\/liliana-condemi-bip.jpg\",\"datePublished\":\"2016-02-18T14:00:41+00:00\",\"dateModified\":\"2022-05-13T16:08:18+00:00\",\"inLanguage\":\"it-IT\",\"potentialAction\":[{\"@type\":\"ReadAction\",\"target\":[\"https:\/\/www.lilianacondemi.it\/?page_id=43\"]}]},{\"@type\":\"ImageObject\",\"inLanguage\":\"it-IT\",\"@id\":\"https:\/\/www.lilianacondemi.it\/?page_id=43#primaryimage\",\"url\":\"https:\/\/www.lilianacondemi.it\/rcsgrt\/wp-content\/uploads\/2016\/05\/liliana-condemi-bip.jpg\",\"contentUrl\":\"https:\/\/www.lilianacondemi.it\/rcsgrt\/wp-content\/uploads\/2016\/05\/liliana-condemi-bip.jpg\",\"width\":1047,\"height\":721},{\"@type\":\"WebSite\",\"@id\":\"https:\/\/www.lilianacondemi.it\/#website\",\"url\":\"https:\/\/www.lilianacondemi.it\/\",\"name\":\"Liliana Condemi\",\"description\":\"Sito Ufficiale dell&#039;artista Liliana Condemi\",\"potentialAction\":[{\"@type\":\"SearchAction\",\"target\":{\"@type\":\"EntryPoint\",\"urlTemplate\":\"https:\/\/www.lilianacondemi.it\/?s={search_term_string}\"},\"query-input\":{\"@type\":\"PropertyValueSpecification\",\"valueRequired\":true,\"valueName\":\"search_term_string\"}}],\"inLanguage\":\"it-IT\"}]}<\/script>\r\n<!-- \/ Yoast SEO plugin. -->","yoast_head_json":{"title":"Bio - Liliana Condemi","robots":{"index":"index","follow":"follow","max-snippet":"max-snippet:-1","max-image-preview":"max-image-preview:large","max-video-preview":"max-video-preview:-1"},"canonical":"https:\/\/www.lilianacondemi.it\/?page_id=43","og_locale":"it_IT","og_type":"article","og_title":"Bio - Liliana Condemi","og_description":"Liliana Condemi nasce a Condofuri (RC). Frequenta l\u2019Istituto Statale d\u2019Arte di Reggio Calabria e si diploma in Pittura all\u2019Accademia di Belle Arti della stessa citt\u00e0. Dopo gli studi accademici inizia una produzione pittorica di impronta naturalistica ispirata dagli incantati paesaggi della propria terra. Nello stesso tempo conduce una ricerca sul piano stilistico e tecnico che [&hellip;]","og_url":"https:\/\/www.lilianacondemi.it\/?page_id=43","og_site_name":"Liliana Condemi","article_modified_time":"2022-05-13T16:08:18+00:00","og_image":[{"url":"http:\/\/www.lilianacondemi.it\/rcsgrt\/wp-content\/uploads\/2016\/05\/liliana-condemi-bip.jpg","type":"","width":"","height":""}],"twitter_misc":{"Tempo di lettura stimato":"2 minuti"},"schema":{"@context":"https:\/\/schema.org","@graph":[{"@type":"WebPage","@id":"https:\/\/www.lilianacondemi.it\/?page_id=43","url":"https:\/\/www.lilianacondemi.it\/?page_id=43","name":"Bio - Liliana Condemi","isPartOf":{"@id":"https:\/\/www.lilianacondemi.it\/#website"},"primaryImageOfPage":{"@id":"https:\/\/www.lilianacondemi.it\/?page_id=43#primaryimage"},"image":{"@id":"https:\/\/www.lilianacondemi.it\/?page_id=43#primaryimage"},"thumbnailUrl":"http:\/\/www.lilianacondemi.it\/rcsgrt\/wp-content\/uploads\/2016\/05\/liliana-condemi-bip.jpg","datePublished":"2016-02-18T14:00:41+00:00","dateModified":"2022-05-13T16:08:18+00:00","inLanguage":"it-IT","potentialAction":[{"@type":"ReadAction","target":["https:\/\/www.lilianacondemi.it\/?page_id=43"]}]},{"@type":"ImageObject","inLanguage":"it-IT","@id":"https:\/\/www.lilianacondemi.it\/?page_id=43#primaryimage","url":"https:\/\/www.lilianacondemi.it\/rcsgrt\/wp-content\/uploads\/2016\/05\/liliana-condemi-bip.jpg","contentUrl":"https:\/\/www.lilianacondemi.it\/rcsgrt\/wp-content\/uploads\/2016\/05\/liliana-condemi-bip.jpg","width":1047,"height":721},{"@type":"WebSite","@id":"https:\/\/www.lilianacondemi.it\/#website","url":"https:\/\/www.lilianacondemi.it\/","name":"Liliana Condemi","description":"Sito Ufficiale dell&#039;artista Liliana Condemi","potentialAction":[{"@type":"SearchAction","target":{"@type":"EntryPoint","urlTemplate":"https:\/\/www.lilianacondemi.it\/?s={search_term_string}"},"query-input":{"@type":"PropertyValueSpecification","valueRequired":true,"valueName":"search_term_string"}}],"inLanguage":"it-IT"}]}},"_links":{"self":[{"href":"https:\/\/www.lilianacondemi.it\/index.php?rest_route=\/wp\/v2\/pages\/43","targetHints":{"allow":["GET"]}}],"collection":[{"href":"https:\/\/www.lilianacondemi.it\/index.php?rest_route=\/wp\/v2\/pages"}],"about":[{"href":"https:\/\/www.lilianacondemi.it\/index.php?rest_route=\/wp\/v2\/types\/page"}],"author":[{"embeddable":true,"href":"https:\/\/www.lilianacondemi.it\/index.php?rest_route=\/wp\/v2\/users\/1"}],"replies":[{"embeddable":true,"href":"https:\/\/www.lilianacondemi.it\/index.php?rest_route=%2Fwp%2Fv2%2Fcomments&post=43"}],"version-history":[{"count":24,"href":"https:\/\/www.lilianacondemi.it\/index.php?rest_route=\/wp\/v2\/pages\/43\/revisions"}],"predecessor-version":[{"id":489,"href":"https:\/\/www.lilianacondemi.it\/index.php?rest_route=\/wp\/v2\/pages\/43\/revisions\/489"}],"wp:attachment":[{"href":"https:\/\/www.lilianacondemi.it\/index.php?rest_route=%2Fwp%2Fv2%2Fmedia&parent=43"}],"curies":[{"name":"wp","href":"https:\/\/api.w.org\/{rel}","templated":true}]}}